{"id":337046,"date":"2024-07-17T11:32:02","date_gmt":"2024-07-17T17:32:02","guid":{"rendered":"https:\/\/flamingobeachgolfcartsrentals.com\/condiciones-generales\/"},"modified":"2024-09-03T08:23:26","modified_gmt":"2024-09-03T14:23:26","slug":"condiciones-generales","status":"publish","type":"page","link":"https:\/\/flamingobeachgolfcartsrentals.com\/es\/condiciones-generales\/","title":{"rendered":"Condiciones generales"},"content":{"rendered":"<p>[et_pb_section fb_built=\u00bb1&#8243; custom_padding_last_edited=\u00bboff|desktop\u00bb admin_label=\u00bbHeader\u00bb _builder_version=\u00bb4.26.1&#8243; _module_preset=\u00bbdefault\u00bb background_color=\u00bb#19233E\u00bb use_background_color_gradient=\u00bbon\u00bb background_color_gradient_stops=\u00bbrgba(25,35,62,0.91) 0%|rgba(25,35,62,0.75) 100%\u00bb background_color_gradient_overlays_image=\u00bbon\u00bb background_image=\u00bbhttps:\/\/flamingobeachgolfcartsrentals.com\/wp-content\/uploads\/2024\/07\/about-us-back-scaled.jpg\u00bb parallax=\u00bbon\u00bb custom_padding=\u00bb||||false|false\u00bb custom_padding_tablet=\u00bb||40vw||false|false\u00bb custom_padding_phone=\u00bb||40vw||false|false\u00bb collapsed=\u00bbon\u00bb global_colors_info=\u00bb{}\u00bb theme_builder_area=\u00bbpost_content\u00bb][et_pb_row _builder_version=\u00bb4.17.4&#8243; _module_preset=\u00bbdefault\u00bb custom_margin=\u00bb||||false|false\u00bb global_colors_info=\u00bb{}\u00bb theme_builder_area=\u00bbpost_content\u00bb][et_pb_column type=\u00bb4_4&#8243; _builder_version=\u00bb4.17.4&#8243; _module_preset=\u00bbdefault\u00bb global_colors_info=\u00bb{}\u00bb theme_builder_area=\u00bbpost_content\u00bb][et_pb_text _builder_version=\u00bb4.25.0&#8243; _module_preset=\u00bbc16985e1-e0d6-4022-964d-e2bfc04fa633&#8243; header_font=\u00bb&#8211;et_global_heading_font|800||on|||||\u00bb header_text_color=\u00bb#FFFFFF\u00bb header_font_size=\u00bb75px\u00bb header_line_height=\u00bb1.5em\u00bb text_orientation=\u00bbcenter\u00bb custom_margin=\u00bb||50px||false|false\u00bb header_font_size_tablet=\u00bb40px\u00bb header_font_size_phone=\u00bb24px\u00bb header_font_size_last_edited=\u00bbon|desktop\u00bb global_colors_info=\u00bb{}\u00bb theme_builder_area=\u00bbpost_content\u00bb]<\/p>\n<h1>Condiciones generales<\/h1>\n<p>[\/et_pb_text][\/et_pb_column][\/et_pb_row][\/et_pb_section][et_pb_section fb_built=\u00bb1&#8243; admin_label=\u00bbAbout\u00bb _builder_version=\u00bb4.26.1&#8243; _module_preset=\u00bbdefault\u00bb custom_padding=\u00bb||||false|false\u00bb hover_enabled=\u00bb0&#8243; collapsed=\u00bbon\u00bb global_colors_info=\u00bb{}\u00bb theme_builder_area=\u00bbpost_content\u00bb sticky_enabled=\u00bb0&#8243;][et_pb_row make_equal=\u00bbon\u00bb _builder_version=\u00bb4.26.0&#8243; _module_preset=\u00bbdefault\u00bb global_colors_info=\u00bb{}\u00bb theme_builder_area=\u00bbpost_content\u00bb][et_pb_column type=\u00bb4_4&#8243; _builder_version=\u00bb4.17.4&#8243; _module_preset=\u00bbdefault\u00bb global_colors_info=\u00bb{}\u00bb theme_builder_area=\u00bbpost_content\u00bb][et_pb_text _builder_version=\u00bb4.26.1&#8243; _module_preset=\u00bbdefault\u00bb hover_enabled=\u00bb0&#8243; global_colors_info=\u00bb{}\u00bb theme_builder_area=\u00bbpost_content\u00bb sticky_enabled=\u00bb0&#8243; header_2_font=\u00bb&#8211;et_global_heading_font|700||on|||||\u00bb header_2_line_height=\u00bb2.2em\u00bb]<\/p>\n<h2>\u00a1Bienvenido a Flamingo Beach Golf Cart Rental!<\/h2>\n<p>Estos t\u00e9rminos y condiciones describen las normas y reglamentos de uso del sitio web de ECCR Flamingo S.A., ubicado en https:\/\/flamingobeachgolfcarts.com\/.<\/p>\n<p>Al acceder a este sitio web asumimos que aceptas estos t\u00e9rminos y condiciones.<br \/>\nNo sigas utilizando Flamingo Beach Golf Cart Rental si no est\u00e1s de acuerdo en aceptar todos los t\u00e9rminos y condiciones establecidos en esta p\u00e1gina. <\/p>\n<p>La siguiente terminolog\u00eda se aplica a estos T\u00e9rminos y Condiciones, Declaraci\u00f3n de Privacidad y Aviso de Exenci\u00f3n de Responsabilidad y a todos los Acuerdos: \u00abCliente\u00bb, \u00abT\u00fa\u00bb y \u00abTu\u00bb se refieren a ti, la persona que se registra en este sitio web y cumple los t\u00e9rminos y condiciones de la Empresa.<br \/>\n\u00abLa Empresa\u00bb, \u00abNosotros\u00bb, \u00abNuestro\u00bb y \u00abNos\u00bb, se refiere a nuestra Empresa.<br \/>\n\u00abParte\u00bb, \u00abPartes\u00bb o \u00abNosotros\u00bb, se refiere tanto al Cliente como a nosotros mismos.<br \/>\nTodos los t\u00e9rminos se refieren a la oferta, aceptaci\u00f3n y contraprestaci\u00f3n de pago necesarias para llevar a cabo el proceso de nuestra asistencia al Cliente de la forma m\u00e1s adecuada con el fin expreso de satisfacer las necesidades del Cliente respecto a la prestaci\u00f3n de los servicios indicados de la Empresa, de conformidad con la legislaci\u00f3n vigente de los Pa\u00edses Bajos y con sujeci\u00f3n a la misma.<br \/>\nCualquier uso de la terminolog\u00eda anterior u otras palabras en singular, plural, may\u00fasculas y\/o \u00e9l\/ella o ellos, se consideran intercambiables y, por tanto, se refieren a lo mismo.    <\/p>\n<h3><strong>COOKIES<\/strong><\/h3>\n<p>Empleamos el uso de cookies.<br \/>\nAl acceder a Flamingo Beach Golf Cart Rental, aceptas el uso de cookies de acuerdo con la Pol\u00edtica de privacidad de ECCR Flamingo S.A. <\/p>\n<p>La mayor\u00eda de los sitios web interactivos utilizan cookies para permitirnos recuperar los datos del usuario en cada visita.<br \/>\nNuestro sitio web utiliza cookies para permitir la funcionalidad de determinadas \u00e1reas y facilitar as\u00ed la visita a nuestro sitio web.<br \/>\nAlgunos de nuestros socios afiliados\/publicitarios tambi\u00e9n pueden utilizar cookies.  <\/p>\n<h3><strong>LICENCIA<\/strong><\/h3>\n<p>A menos que se indique lo contrario, ECCR Flamingo S.A. y\/o sus licenciantes poseen los derechos de propiedad intelectual de todo el material de Flamingo Beach Golf Cart Rental.<br \/>\nTodos los derechos de propiedad intelectual est\u00e1n reservados.<br \/>\nPuedes acceder a este material de Flamingo Beach Golf Cart Rental para tu uso personal sujeto a las restricciones establecidas en estos t\u00e9rminos y condiciones.  <\/p>\n<p>No debes hacerlo:<\/p>\n<ul>\n<li>Volver a publicar material de Flamingo Beach Golf Cart Rental<\/li>\n<li>Vender, alquilar o sublicenciar material de Flamingo Beach Golf Cart Rental<\/li>\n<li>Reproducir, duplicar o copiar material de Flamingo Beach Golf Cart Rental<\/li>\n<li>Redistribuir contenido de Alquiler de carritos de golf en Flamingo Beach<\/li>\n<\/ul>\n<p>El presente Acuerdo comenzar\u00e1 en la fecha del mismo.<\/p>\n<p>Algunas partes de este sitio web ofrecen a los usuarios la oportunidad de publicar e intercambiar opiniones e informaci\u00f3n en determinadas \u00e1reas del sitio web.<br \/>\nECCR Flamingo S.A. no filtra, edita, publica ni revisa los Comentarios antes de su presencia en el sitio web.<br \/>\nLos Comentarios no reflejan los puntos de vista y opiniones de ECCR Flamingo S.A., sus agentes y\/o afiliados.<br \/>\nLos Comentarios reflejan los puntos de vista y opiniones de la persona que publica sus puntos de vista y opiniones.<br \/>\nEn la medida en que lo permitan las leyes aplicables, ECCR Flamingo S.A. no ser\u00e1 responsable de los Comentarios ni de ninguna responsabilidad, da\u00f1os o gastos causados y\/o sufridos como resultado de cualquier uso y\/o publicaci\u00f3n y\/o aparici\u00f3n de los Comentarios en este sitio web.    <\/p>\n<p>ECCR Flamingo S.A. se reserva el derecho a supervisar todos los Comentarios y a eliminar cualquier Comentario que pueda considerarse inapropiado, ofensivo o que suponga un incumplimiento de estos T\u00e9rminos y Condiciones.<\/p>\n<p>Garantizas y declaras que<\/p>\n<ul>\n<li>Tienes derecho a publicar los Comentarios en nuestro sitio web y dispones de todas las licencias y consentimientos necesarios para hacerlo;<\/li>\n<li>Los Comentarios no invaden ning\u00fan derecho de propiedad intelectual, incluyendo, sin limitaci\u00f3n, derechos de autor, patentes o marcas registradas de terceros;<\/li>\n<li>Los Comentarios no contienen ning\u00fan material difamatorio, calumnioso, ofensivo, indecente o ilegal que suponga una invasi\u00f3n de la intimidad<\/li>\n<li>Los Comentarios no se utilizar\u00e1n para solicitar o promocionar negocios o costumbres ni para presentar actividades comerciales o il\u00edcitas.<\/li>\n<\/ul>\n<p>Por la presente, concedes a ECCR Flamingo S.A. una licencia no exclusiva para utilizar, reproducir, editar y autorizar a otros a utilizar, reproducir y editar cualquiera de tus Comentarios en todas y cada una de las formas, formatos o medios.<\/p>\n<h3><strong>HIPERV\u00cdNCULOS A NUESTRO CONTENIDO<\/strong><\/h3>\n<p>Las siguientes organizaciones pueden enlazar con nuestro Sitio Web sin aprobaci\u00f3n previa por escrito:<\/p>\n<ul>\n<li>Agencias gubernamentales;<\/li>\n<li>Motores de b\u00fasqueda;<\/li>\n<li>Organizaciones de noticias;<\/li>\n<li>Los distribuidores de directorios en l\u00ednea pueden enlazar con nuestro Sitio Web del mismo modo que hiperenlazan con los Sitios Web de otras empresas incluidas en la lista; y<\/li>\n<li>Empresas acreditadas en todo el sistema, excepto organizaciones sin \u00e1nimo de lucro, centros comerciales ben\u00e9ficos y grupos de recaudaci\u00f3n de fondos ben\u00e9ficos que no pueden establecer hiperv\u00ednculos con nuestro sitio Web.<\/li>\n<\/ul>\n<p>Estas organizaciones pueden enlazar a nuestra p\u00e1gina de inicio, a publicaciones o a otra informaci\u00f3n del Sitio Web siempre que el enlace<br \/>\n(a) no sea en modo alguno enga\u00f1oso;<br \/>\n(b) no implique falsamente el patrocinio, respaldo o aprobaci\u00f3n de la parte enlazante y sus productos y\/o servicios; y<br \/>\n(c) encaje en el contexto del sitio de la parte enlazante.   <\/p>\n<p>Podemos considerar y aprobar otras solicitudes de enlace de los siguientes tipos de organizaciones:<\/p>\n<ul>\n<li>fuentes de informaci\u00f3n de consumidores y\/o empresas com\u00fanmente conocidas;<\/li>\n<li>sitios de la comunidad punto.com;<\/li>\n<li>asociaciones u otros grupos que representen a organizaciones ben\u00e9ficas;<\/li>\n<li>distribuidores de directorios online;<\/li>\n<li>portales de internet;<\/li>\n<li>empresas de contabilidad, abogac\u00eda y consultor\u00eda<\/li>\n<li>instituciones educativas y asociaciones profesionales.<\/li>\n<\/ul>\n<p>Aprobaremos las solicitudes de enlace de estas organizaciones si decidimos que<br \/>\n(a) el enlace no nos har\u00e1 quedar mal ni a nosotros ni a nuestras empresas acreditadas;<br \/>\n(b) la organizaci\u00f3n no tiene ning\u00fan historial negativo con nosotros;<br \/>\n(c) el beneficio para nosotros de la visibilidad del hiperv\u00ednculo compensa la ausencia de ECCR Flamingo S.A.; y<br \/>\n(d) el enlace se encuentra en el contexto de la informaci\u00f3n de recursos generales.    <\/p>\n<p>Estas organizaciones pueden enlazar con nuestra p\u00e1gina de inicio siempre que el enlace<br \/>\n(a) no sea en modo alguno enga\u00f1oso;<br \/>\n(b) no implique falsamente el patrocinio, respaldo o aprobaci\u00f3n de la parte enlazante y sus productos o servicios; y<br \/>\n(c) se ajuste al contexto del sitio de la parte enlazante.   <\/p>\n<p>Si eres una de las organizaciones enumeradas en el apartado 2 anterior y est\u00e1s interesado en establecer un enlace con nuestro sitio Web, debes informarnos enviando un correo electr\u00f3nico a ECCR Flamingo S.A..<br \/>\nPor favor, incluye tu nombre, el nombre de tu organizaci\u00f3n, informaci\u00f3n de contacto, as\u00ed como la URL de tu sitio, una lista de las URL desde las que pretendes enlazar a nuestro sitio Web y una lista de las URL de nuestro sitio a las que te gustar\u00eda enlazar.<br \/>\nEspera 2-3 semanas a recibir una respuesta.  <\/p>\n<p>Las organizaciones autorizadas pueden establecer hiperenlaces con nuestro Sitio Web de la siguiente manera:<\/p>\n<ul>\n<li>Mediante el uso de nuestro nombre corporativo; o<\/li>\n<li>Mediante el uso del localizador uniforme de recursos al que se enlaza; o<\/li>\n<li>Mediante el uso de cualquier otra descripci\u00f3n de nuestro Sitio Web enlazado que tenga sentido dentro del contexto y el formato del contenido del sitio de la parte enlazadora.<\/li>\n<\/ul>\n<p>No se permitir\u00e1 el uso del logotipo u otras ilustraciones de ECCR Flamingo S.A. para enlazar sin un acuerdo de licencia de marca comercial.<\/p>\n<h3><strong>IFRAMES<\/strong><\/h3>\n<p>Sin aprobaci\u00f3n previa y permiso por escrito, no puedes crear marcos alrededor de nuestras P\u00e1ginas Web que alteren en modo alguno la presentaci\u00f3n visual o la apariencia de nuestro Sitio Web.<\/p>\n<h3><strong>RESPONSABILIDAD DE CONTENIDO<\/strong><\/h3>\n<p>No seremos responsables de ning\u00fan contenido que aparezca en tu Sitio Web.<br \/>\nTe comprometes a protegernos y defendernos frente a cualquier reclamaci\u00f3n que se plantee en tu Sitio Web.<br \/>\nNo deben aparecer enlaces en ning\u00fan Sitio Web que puedan interpretarse como difamatorios, obscenos o delictivos, o que infrinjan, violen de otro modo o propugnen la infracci\u00f3n u otra violaci\u00f3n de los derechos de terceros.  <\/p>\n<h3><strong>TU PRIVACIDAD<\/strong><\/h3>\n<p>Lee <a href=\"https:\/\/flamingobeachgolfcarts.com\/privacy-policy\/\">la Pol\u00edtica de privacidad<\/a><\/p>\n<h3><strong>RESERVA DE DERECHOS<\/strong><\/h3>\n<p>Nos reservamos el derecho a solicitar que elimines todos los enlaces o cualquier enlace concreto a nuestro Sitio Web.<br \/>\nAceptas eliminar inmediatamente todos los enlaces a nuestro Sitio Web si as\u00ed se te solicita.<br \/>\nTambi\u00e9n nos reservamos el derecho a modificar estas condiciones y su pol\u00edtica de enlaces en cualquier momento.<br \/>\nAl enlazar continuamente a nuestro Sitio Web, aceptas regirte por estos t\u00e9rminos y condiciones de enlace.   <\/p>\n<h3><strong>POL\u00cdTICAS DE CANCELACI\u00d3N<\/strong><\/h3>\n<p>1. Si cancelas una semana antes no hay multas y se devolver\u00e1 el 100% del importe pagado.<br \/>2. Si cancelas 24 horas antes, se cobrar\u00e1 un d\u00eda de alquiler y se devolver\u00e1 la diferencia.<br \/>3. Si cancelas el mismo d\u00eda de la reserva, no hay devoluci\u00f3n.<\/p>\n<h3><strong>ELIMINACI\u00d3N DE ENLACES DE NUESTRO SITIO WEB<\/strong><\/h3>\n<p>Si encuentras alg\u00fan enlace en nuestro Sitio Web que sea ofensivo por cualquier motivo, puedes ponerte en contacto con nosotros e informarnos en cualquier momento.<br \/>\nTendremos en cuenta las solicitudes de eliminaci\u00f3n de enlaces, pero no estamos obligados a ello ni a responderte directamente. <\/p>\n<p>No aseguramos que la informaci\u00f3n de este sitio web sea correcta, no garantizamos que est\u00e9 completa ni que sea exacta; tampoco prometemos que el sitio web siga estando disponible ni que el material del sitio web se mantenga actualizado.<\/p>\n<h3><strong>DESCARGO DE RESPONSABILIDAD<\/strong><\/h3>\n<p>En la medida m\u00e1xima permitida por la legislaci\u00f3n aplicable, excluimos todas las declaraciones, garant\u00edas y condiciones relativas a nuestro sitio web y al uso del mismo.<br \/>\nNada de lo contenido en esta cl\u00e1usula de exenci\u00f3n de responsabilidad <\/p>\n<ul>\n<li>limitar o excluir nuestra o tu responsabilidad por muerte o lesiones personales;<\/li>\n<li>limitar o excluir nuestra responsabilidad o la tuya por fraude o tergiversaci\u00f3n fraudulenta;<\/li>\n<li>limitar cualquiera de nuestras responsabilidades o las tuyas de cualquier forma que no est\u00e9 permitida por la legislaci\u00f3n aplicable; o<\/li>\n<li>excluir cualquiera de nuestras responsabilidades o de las tuyas que no puedan excluirse en virtud de la legislaci\u00f3n aplicable.<\/li>\n<\/ul>\n<p>Las limitaciones y prohibiciones de responsabilidad establecidas en esta Secci\u00f3n y en otras partes de esta cl\u00e1usula de exenci\u00f3n de responsabilidad<br \/>\n(a) est\u00e1n sujetas al p\u00e1rrafo anterior; y<br \/>\n(b) rigen todas las responsabilidades derivadas de la exenci\u00f3n de responsabilidad, incluidas las responsabilidades contractuales, extracontractuales y por incumplimiento de obligaciones legales.  <\/p>\n<p>Mientras el sitio web y la informaci\u00f3n y los servicios del sitio web se proporcionen de forma gratuita, no seremos responsables de ninguna p\u00e9rdida o da\u00f1o de cualquier naturaleza.<\/p>\n<p>[\/et_pb_text][\/et_pb_column][\/et_pb_row][\/et_pb_section]<\/p>\n","protected":false},"excerpt":{"rendered":"<p>Condiciones generales\u00a1Bienvenido a Flamingo Beach Golf Cart Rental! Estos t\u00e9rminos y condiciones describen las normas y reglamentos de uso del sitio web de ECCR Flamingo S.A., ubicado en https:\/\/flamingobeachgolfcarts.com\/. Al acceder a este sitio web asumimos que aceptas estos t\u00e9rminos y condiciones. No sigas utilizando Flamingo Beach Golf Cart Rental si no est\u00e1s de acuerdo [&hellip;]<\/p>\n","protected":false},"author":1,"featured_media":0,"parent":0,"menu_order":0,"comment_status":"closed","ping_status":"closed","template":"","meta":{"_et_pb_use_builder":"on","_et_pb_old_content":"","_et_gb_content_width":"","footnotes":""},"class_list":["post-337046","page","type-page","status-publish","hentry"],"_links":{"self":[{"href":"https:\/\/flamingobeachgolfcartsrentals.com\/es\/wp-json\/wp\/v2\/pages\/337046","targetHints":{"allow":["GET"]}}],"collection":[{"href":"https:\/\/flamingobeachgolfcartsrentals.com\/es\/wp-json\/wp\/v2\/pages"}],"about":[{"href":"https:\/\/flamingobeachgolfcartsrentals.com\/es\/wp-json\/wp\/v2\/types\/page"}],"author":[{"embeddable":true,"href":"https:\/\/flamingobeachgolfcartsrentals.com\/es\/wp-json\/wp\/v2\/users\/1"}],"replies":[{"embeddable":true,"href":"https:\/\/flamingobeachgolfcartsrentals.com\/es\/wp-json\/wp\/v2\/comments?post=337046"}],"version-history":[{"count":3,"href":"https:\/\/flamingobeachgolfcartsrentals.com\/es\/wp-json\/wp\/v2\/pages\/337046\/revisions"}],"predecessor-version":[{"id":337115,"href":"https:\/\/flamingobeachgolfcartsrentals.com\/es\/wp-json\/wp\/v2\/pages\/337046\/revisions\/337115"}],"wp:attachment":[{"href":"https:\/\/flamingobeachgolfcartsrentals.com\/es\/wp-json\/wp\/v2\/media?parent=337046"}],"curies":[{"name":"wp","href":"https:\/\/api.w.org\/{rel}","templated":true}]}}