{"id":337039,"date":"2024-07-16T11:28:52","date_gmt":"2024-07-16T17:28:52","guid":{"rendered":"https:\/\/flamingobeachgolfcartsrentals.com\/preguntas-mas-frecuentes\/"},"modified":"2024-09-03T08:15:44","modified_gmt":"2024-09-03T14:15:44","slug":"preguntas-mas-frecuentes","status":"publish","type":"page","link":"https:\/\/flamingobeachgolfcartsrentals.com\/es\/preguntas-mas-frecuentes\/","title":{"rendered":"Preguntas frecuentes"},"content":{"rendered":"<p>[et_pb_section fb_built=\u00bb1&#8243; custom_padding_last_edited=\u00bboff|desktop\u00bb admin_label=\u00bbHeader\u00bb _builder_version=\u00bb4.26.0&#8243; _module_preset=\u00bbdefault\u00bb background_color=\u00bb#19233E\u00bb custom_padding=\u00bb||16vw||false|false\u00bb custom_padding_tablet=\u00bb||40vw||false|false\u00bb custom_padding_phone=\u00bb||40vw||false|false\u00bb hover_enabled=\u00bb0&#8243; collapsed=\u00bbon\u00bb global_colors_info=\u00bb{}\u00bb theme_builder_area=\u00bbpost_content\u00bb background_image=\u00bbhttps:\/\/flamingobeachgolfcartsrentals.com\/wp-content\/uploads\/2024\/07\/faq-back-scaled.jpg\u00bb parallax=\u00bbon\u00bb use_background_color_gradient=\u00bbon\u00bb background_color_gradient_overlays_image=\u00bbon\u00bb background_color_gradient_stops=\u00bbrgba(25,35,62,0.92) 0%|rgba(25,35,62,0.69) 100%\u00bb sticky_enabled=\u00bb0&#8243;][et_pb_row _builder_version=\u00bb4.17.4&#8243; _module_preset=\u00bbdefault\u00bb custom_margin=\u00bb||||false|false\u00bb global_colors_info=\u00bb{}\u00bb theme_builder_area=\u00bbpost_content\u00bb][et_pb_column type=\u00bb4_4&#8243; _builder_version=\u00bb4.17.4&#8243; _module_preset=\u00bbdefault\u00bb global_colors_info=\u00bb{}\u00bb theme_builder_area=\u00bbpost_content\u00bb][et_pb_text _builder_version=\u00bb4.26.0&#8243; _module_preset=\u00bbc16985e1-e0d6-4022-964d-e2bfc04fa633&#8243; header_font=\u00bb&#8211;et_global_heading_font|800||on|||||\u00bb header_text_color=\u00bb#FFFFFF\u00bb header_font_size=\u00bb65px\u00bb header_line_height=\u00bb1.5em\u00bb text_orientation=\u00bbcenter\u00bb custom_margin=\u00bb||50px||false|false\u00bb hover_enabled=\u00bb0&#8243; header_font_size_tablet=\u00bb40px\u00bb header_font_size_phone=\u00bb24px\u00bb header_font_size_last_edited=\u00bbon|desktop\u00bb global_colors_info=\u00bb{}\u00bb theme_builder_area=\u00bbpost_content\u00bb sticky_enabled=\u00bb0&#8243;]<\/p>\n<h1>PREGUNTAS FRECUENTES<\/h1>\n<p>[\/et_pb_text][\/et_pb_column][\/et_pb_row][\/et_pb_section][et_pb_section fb_built=\u00bb1&#8243; admin_label=\u00bbVideo\u00bb _builder_version=\u00bb4.17.4&#8243; _module_preset=\u00bbdefault\u00bb background_color=\u00bbRGBA(255,255,255,0)\u00bb custom_margin=\u00bb||||false|false\u00bb custom_padding=\u00bb||0px||false|false\u00bb global_colors_info=\u00bb{}\u00bb theme_builder_area=\u00bbpost_content\u00bb][et_pb_row _builder_version=\u00bb4.17.4&#8243; _module_preset=\u00bbdefault\u00bb custom_margin=\u00bb||||false|false\u00bb custom_margin_tablet=\u00bb-40vw||||false|false\u00bb custom_margin_phone=\u00bb-40vw||||false|false\u00bb custom_margin_last_edited=\u00bboff|desktop\u00bb custom_padding=\u00bb0px||||false|false\u00bb global_colors_info=\u00bb{}\u00bb theme_builder_area=\u00bbpost_content\u00bb][et_pb_column type=\u00bb4_4&#8243; _builder_version=\u00bb4.17.4&#8243; _module_preset=\u00bbdefault\u00bb global_colors_info=\u00bb{}\u00bb theme_builder_area=\u00bbpost_content\u00bb][et_pb_image src=\u00bbhttps:\/\/flamingobeachgolfcartsrentals.com\/wp-content\/uploads\/2024\/07\/faq-.jpg\u00bb alt=\u00bbAcerca de ECCR Costa Rica\u00bb title_text=\u00bbAcerca de ECCR Costa Rica\u00bb _builder_version=\u00bb4.26.0&#8243; _module_preset=\u00bbdefault\u00bb custom_margin=\u00bb-20vw||||false|false\u00bb custom_padding=\u00bb||||false|false\u00bb hover_enabled=\u00bb0&#8243; global_colors_info=\u00bb{}\u00bb theme_builder_area=\u00bbpost_content\u00bb sticky_enabled=\u00bb0&#8243;][\/et_pb_image][\/et_pb_column][\/et_pb_row][\/et_pb_section][et_pb_section fb_built=\u00bb1&#8243; admin_label=\u00bbAbout\u00bb _builder_version=\u00bb4.17.4&#8243; _module_preset=\u00bbdefault\u00bb custom_padding=\u00bb5px|||||\u00bb collapsed=\u00bbon\u00bb global_colors_info=\u00bb{}\u00bb theme_builder_area=\u00bbpost_content\u00bb][et_pb_row make_equal=\u00bbon\u00bb _builder_version=\u00bb4.26.0&#8243; _module_preset=\u00bbdefault\u00bb hover_enabled=\u00bb0&#8243; global_colors_info=\u00bb{}\u00bb theme_builder_area=\u00bbpost_content\u00bb sticky_enabled=\u00bb0&#8243;][et_pb_column type=\u00bb4_4&#8243; _builder_version=\u00bb4.17.4&#8243; _module_preset=\u00bbdefault\u00bb global_colors_info=\u00bb{}\u00bb theme_builder_area=\u00bbpost_content\u00bb][et_pb_accordion _builder_version=\u00bb4.26.0&#8243; _module_preset=\u00bbdefault\u00bb theme_builder_area=\u00bbpost_content\u00bb toggle_font=\u00bb&#8211;et_global_heading_font|700||on|||||\u00bb body_font=\u00bb||||||||\u00bb closed_toggle_text_color=\u00bb#FFFFFF\u00bb open_toggle_background_color=\u00bb#FFFFFF\u00bb closed_toggle_background_color=\u00bb#19233E\u00bb hover_enabled=\u00bb0&#8243; sticky_enabled=\u00bb0&#8243;][et_pb_accordion_item title=\u00bb\u00bfLo cumplir\u00e1s?\u00bb _builder_version=\u00bb4.26.0&#8243; _module_preset=\u00bbdefault\u00bb theme_builder_area=\u00bbpost_content\u00bb open=\u00bbon\u00bb]\u00a1S\u00ed! Ofrecemos entregas gratuitas en los barrios de Flamingo, Potrero y Brasilito. Hacemos entregas hasta Las Catalinas y Reserva Conchal, pero a\u00f1adimos una tarifa de entrega de 25 $ para estas zonas.[\/et_pb_accordion_item][et_pb_accordion_item title=\u00bb\u00bfY si me quedo sin energ\u00eda?\u00bb _builder_version=\u00bb4.26.0&#8243; _module_preset=\u00bbdefault\u00bb theme_builder_area=\u00bbpost_content\u00bb open=\u00bboff\u00bb hover_enabled=\u00bb0&#8243; sticky_enabled=\u00bb0&#8243;]<\/p>\n<p>Con una carga completa, tienes unas 2,5 horas de conducci\u00f3n consecutiva.<br \/>\nNuestra recomendaci\u00f3n es que mantengas la bater\u00eda cargada al menos al 50% para que funcione mejor, sobre todo si piensas subir y bajar cuestas empinadas.<br \/>\nEnchufar el carrito de golf por la noche es la mejor manera de asegurarse de que la bater\u00eda se mantiene bien cargada durante todo el d\u00eda.  <\/p>\n<p>Si tienes alg\u00fan problema, ll\u00e1manos al +506 8387 6222 y podremos ayudarte.<\/p>\n<p>[\/et_pb_accordion_item][et_pb_accordion_item title=\u00bb\u00bfD\u00f3nde puedo cargar mi carrito de golf?\u00bb _builder_version=\u00bb4.26.0&#8243; _module_preset=\u00bbdefault\u00bb theme_builder_area=\u00bbpost_content\u00bb open=\u00bboff\u00bb hover_enabled=\u00bb0&#8243; sticky_enabled=\u00bb0&#8243;]<\/p>\n<p><span>Muchas urbanizaciones, hoteles y casas particulares tienen enchufes exteriores que puedes utilizar para cargar tu carrito de golf el\u00e9ctrico.<br \/>\nTambi\u00e9n colaboramos con diversos restaurantes de Potrero, Flamingo y Brasilito para que puedas cargar sobre la marcha.<br \/>\nNo dudes en ponerte en contacto con nosotros si no est\u00e1s seguro de que tu alquiler vacacional tenga la toma de corriente adecuada.  <\/span><\/p>\n<p>[\/et_pb_accordion_item][et_pb_accordion_item title=\u00bb\u00bfQu\u00e9 tipo de enchufe necesito?\u00bb _builder_version=\u00bb4.26.0&#8243; _module_preset=\u00bbdefault\u00bb theme_builder_area=\u00bbpost_content\u00bb open=\u00bboff\u00bb hover_enabled=\u00bb0&#8243; sticky_enabled=\u00bb0&#8243;]<\/p>\n<p><span>Nuestros carritos de golf utilizan los mismos 110 V que se usan habitualmente en toda Costa Rica.<\/span><\/p>\n<p>[\/et_pb_accordion_item][et_pb_accordion_item title=\u00bb\u00bfC\u00f3mo s\u00e9 si es una toma de 110 o 220?\u00bb _builder_version=\u00bb4.26.0&#8243; _module_preset=\u00bbdefault\u00bb theme_builder_area=\u00bbpost_content\u00bb open=\u00bboff\u00bb hover_enabled=\u00bb0&#8243; sticky_enabled=\u00bb0&#8243;]<\/p>\n<p><span>Las tomas de 110 son el tipo de toma m\u00e1s com\u00fan y casi siempre se instalan por parejas, mientras que las de 220 no.<br \/>\nLa toma de 220 suele ser m\u00e1s grande, negra, redonda y tiene de 3 a 4 ranuras, una de ellas dispuesta horizontalmente o en \u00e1ngulo. <\/span><\/p>\n<p>[\/et_pb_accordion_item][et_pb_accordion_item title=\u00bb\u00bfEs caro cargar un carrito de golf el\u00e9ctrico?\u00bb _builder_version=\u00bb4.26.0&#8243; _module_preset=\u00bbdefault\u00bb theme_builder_area=\u00bbpost_content\u00bb open=\u00bboff\u00bb hover_enabled=\u00bb0&#8243; sticky_enabled=\u00bb0&#8243;]<\/p>\n<p><span>No, \u00a1cuesta menos de 1 $ al d\u00eda cargar uno de nuestros carritos de golf el\u00e9ctricos!<\/span><\/p>\n<p>[\/et_pb_accordion_item][et_pb_accordion_item title=\u00bb\u00bfPor qu\u00e9 elegir electricidad en lugar de gas?\u00bb _builder_version=\u00bb4.26.0&#8243; _module_preset=\u00bbdefault\u00bb theme_builder_area=\u00bbpost_content\u00bb open=\u00bboff\u00bb hover_enabled=\u00bb0&#8243; sticky_enabled=\u00bb0&#8243;]<\/p>\n<p><span>Cada tipo de veh\u00edculo tiene muchas ventajas y, dependiendo de tus circunstancias, es probable que uno tenga m\u00e1s sentido que el otro.<br \/>\nAlgunas razones por las que hemos optado por alquilar y vender exclusivamente carros el\u00e9ctricos: son sustancialmente m\u00e1s silenciosos, normalmente m\u00e1s r\u00e1pidos y est\u00e1n en l\u00ednea con el objetivo nacional de ser neutros en carbono para 2021. <\/span><\/p>\n<p>[\/et_pb_accordion_item][et_pb_accordion_item title=\u00bb\u00bfCu\u00e1les son tus requisitos de alquiler?\u00bb _builder_version=\u00bb4.26.0&#8243; _module_preset=\u00bbdefault\u00bb theme_builder_area=\u00bbpost_content\u00bb open=\u00bboff\u00bb hover_enabled=\u00bb0&#8243; sticky_enabled=\u00bb0&#8243;]<\/p>\n<p><span>Debes tener al menos 18 a\u00f1os y un permiso de conducir v\u00e1lido para alquilar y utilizar el carrito de golf.<br \/>\nNecesitaremos tu carn\u00e9 y los datos de tu tarjeta de cr\u00e9dito en el momento del alquiler. <\/span><\/p>\n<p>[\/et_pb_accordion_item][et_pb_accordion_item title=\u00bb\u00bfLos coches de golf son legales en la calle?\u00bb _builder_version=\u00bb4.26.0&#8243; _module_preset=\u00bbdefault\u00bb theme_builder_area=\u00bbpost_content\u00bb open=\u00bboff\u00bb hover_enabled=\u00bb0&#8243; sticky_enabled=\u00bb0&#8243;]<\/p>\n<p><span>S\u00ed, los carritos de golf son legales en la calle.<br \/>\nCada uno de ellos est\u00e1 equipado con luces de freno, intermitentes, faros, bocina y medidor de energ\u00eda.<br \/>\nCada uno de nuestros carritos de golf tambi\u00e9n est\u00e1 equipado con tecnolog\u00eda Bluetooth para que puedas escuchar m\u00fasica sobre la marcha.  <\/span><\/p>\n<p>[\/et_pb_accordion_item][et_pb_accordion_item title=\u00bb\u00bfPuedo conducir el carrito de golf por la playa?\u00bb _builder_version=\u00bb4.26.0&#8243; _module_preset=\u00bbdefault\u00bb theme_builder_area=\u00bbpost_content\u00bb open=\u00bboff\u00bb hover_enabled=\u00bb0&#8243; sticky_enabled=\u00bb0&#8243;]<\/p>\n<p><span>No, no puedes conducir estos carritos de golf en la playa por ning\u00fan motivo.<\/span><\/p>\n<p>[\/et_pb_accordion_item][et_pb_accordion_item title=\u00bb\u00bfLa lluvia o el agua da\u00f1ar\u00e1n el carrito de golf?\u00bb _builder_version=\u00bb4.26.0&#8243; _module_preset=\u00bbdefault\u00bb theme_builder_area=\u00bbpost_content\u00bb open=\u00bboff\u00bb hover_enabled=\u00bb0&#8243; sticky_enabled=\u00bb0&#8243;]<\/p>\n<p><span>El carro de golf puede aparcarse bajo la lluvia, sin problemas.<br \/>\nSin embargo, cuando el agua salpica los bajos de nuestros carros de golf, dejan de moverse.<br \/>\nTen cuidado con el tiempo y, por favor, no utilices el carrito de golf cuando haga mal tiempo.  <\/span><\/p>\n<p>[\/et_pb_accordion_item][et_pb_accordion_item title=\u00bb\u00bfHasta d\u00f3nde puedes llegar?\u00bb _builder_version=\u00bb4.26.0&#8243; _module_preset=\u00bbdefault\u00bb theme_builder_area=\u00bbpost_content\u00bb open=\u00bboff\u00bb hover_enabled=\u00bb0&#8243; sticky_enabled=\u00bb0&#8243;]<\/p>\n<p>En el momento de la recogida\/entrega te proporcionaremos un mapa con nuestros l\u00edmites.<br \/>\nAl sur, nuestro l\u00edmite es la Reserva Conchal y al norte, Playa Prieta.<br \/>\nSi quieres llegar a alg\u00fan lugar que est\u00e9 ligeramente fuera de nuestros l\u00edmites, env\u00edanos un mensaje y determinaremos si tu ubicaci\u00f3n est\u00e1 dentro de nuestro alcance.  <\/p>\n<p>Ten en cuenta que nuestros l\u00edmites est\u00e1n establecidos por tu seguridad.<br \/>\nFuera de estas zonas, la velocidad aumenta considerablemente y algunas carreteras se vuelven bastante empinadas con muchas curvas. <\/p>\n<p>[\/et_pb_accordion_item][et_pb_accordion_item title=\u00bb\u00bfHay alguna ley que deba conocer?\u00bb _builder_version=\u00bb4.26.0&#8243; _module_preset=\u00bbdefault\u00bb theme_builder_area=\u00bbpost_content\u00bb open=\u00bboff\u00bb hover_enabled=\u00bb0&#8243; sticky_enabled=\u00bb0&#8243;]<\/p>\n<p>En Costa Rica, debes llevar siempre encima tu permiso de conducir mientras conduzcas un veh\u00edculo de motor.<br \/>\nTambi\u00e9n debes llevar contigo una copia en color de tu pasaporte (recomendado en todo momento). <\/p>\n<p>Muchas se\u00f1ales de tr\u00e1fico de Costa Rica son similares a las de EEUU.<br \/>\nLa \u00fanica excepci\u00f3n es la se\u00f1al de \u00abCeda el Paso\u00bb, que es b\u00e1sicamente una se\u00f1al de ceda el paso.<br \/>\nCuando te acercas a un puente de un solo carril, o tienes preferencia de paso (sin se\u00f1alizaci\u00f3n) o debes esperar al tr\u00e1fico que viene en sentido contrario (Ceda el Paso).  <\/p>\n<p>[\/et_pb_accordion_item][et_pb_accordion_item title=\u00bb\u00bfFuncionar\u00e1 mi tel\u00e9fono m\u00f3vil en Playa Flamingo?\u00bb _builder_version=\u00bb4.26.0&#8243; _module_preset=\u00bbdefault\u00bb theme_builder_area=\u00bbpost_content\u00bb open=\u00bboff\u00bb hover_enabled=\u00bb0&#8243; sticky_enabled=\u00bb0&#8243;]<\/p>\n<p><span>Antes de viajar a Costa Rica, ponte en contacto con tu proveedor para ver si tiene tarifas internacionales.<br \/>\nTambi\u00e9n puedes descargarte la app WhatsApp y utilizar esta plataforma para enviar mensajes directos cuando est\u00e9s conectado a WiFi.<br \/>\nLa mayor\u00eda de los lugare\u00f1os y empresas est\u00e1n activos en esta app, lo que la convierte en un gran recurso para quienes no disponen de un plan telef\u00f3nico internacional.  <\/span><\/p>\n<p>[\/et_pb_accordion_item][\/et_pb_accordion][\/et_pb_column][\/et_pb_row][\/et_pb_section]<\/p>\n","protected":false},"excerpt":{"rendered":"<p>PREGUNTAS FRECUENTES\u00a1S\u00ed! Ofrecemos entregas gratuitas en los barrios de Flamingo, Potrero y Brasilito. Hacemos entregas hasta Las Catalinas y Reserva Conchal, pero a\u00f1adimos una tarifa de entrega de 25 $ para estas zonas.Con una carga completa, tienes unas 2,5 horas de conducci\u00f3n consecutiva. Nuestra recomendaci\u00f3n es que mantengas la bater\u00eda cargada al menos al 50% [&hellip;]<\/p>\n","protected":false},"author":1,"featured_media":0,"parent":0,"menu_order":0,"comment_status":"closed","ping_status":"closed","template":"","meta":{"_et_pb_use_builder":"on","_et_pb_old_content":"","_et_gb_content_width":"","footnotes":""},"class_list":["post-337039","page","type-page","status-publish","hentry"],"_links":{"self":[{"href":"https:\/\/flamingobeachgolfcartsrentals.com\/es\/wp-json\/wp\/v2\/pages\/337039","targetHints":{"allow":["GET"]}}],"collection":[{"href":"https:\/\/flamingobeachgolfcartsrentals.com\/es\/wp-json\/wp\/v2\/pages"}],"about":[{"href":"https:\/\/flamingobeachgolfcartsrentals.com\/es\/wp-json\/wp\/v2\/types\/page"}],"author":[{"embeddable":true,"href":"https:\/\/flamingobeachgolfcartsrentals.com\/es\/wp-json\/wp\/v2\/users\/1"}],"replies":[{"embeddable":true,"href":"https:\/\/flamingobeachgolfcartsrentals.com\/es\/wp-json\/wp\/v2\/comments?post=337039"}],"version-history":[{"count":7,"href":"https:\/\/flamingobeachgolfcartsrentals.com\/es\/wp-json\/wp\/v2\/pages\/337039\/revisions"}],"predecessor-version":[{"id":337102,"href":"https:\/\/flamingobeachgolfcartsrentals.com\/es\/wp-json\/wp\/v2\/pages\/337039\/revisions\/337102"}],"wp:attachment":[{"href":"https:\/\/flamingobeachgolfcartsrentals.com\/es\/wp-json\/wp\/v2\/media?parent=337039"}],"curies":[{"name":"wp","href":"https:\/\/api.w.org\/{rel}","templated":true}]}}