{"id":337026,"date":"2024-04-29T09:34:41","date_gmt":"2024-04-29T15:34:41","guid":{"rendered":"https:\/\/flamingobeachgolfcartsrentals.com\/que-hay-alrededor-2\/"},"modified":"2024-09-03T07:50:58","modified_gmt":"2024-09-03T13:50:58","slug":"que-hay-alrededor-2","status":"publish","type":"page","link":"https:\/\/flamingobeachgolfcartsrentals.com\/es\/que-hay-alrededor-2\/","title":{"rendered":"\u00bfQu\u00e9 hay alrededor?"},"content":{"rendered":"<p>[et_pb_section fb_built=\u00bb1&#8243; custom_padding_last_edited=\u00bboff|desktop\u00bb admin_label=\u00bbHeader\u00bb _builder_version=\u00bb4.26.0&#8243; _module_preset=\u00bbdefault\u00bb background_color=\u00bb#19233E\u00bb use_background_color_gradient=\u00bbon\u00bb background_color_gradient_stops=\u00bbrgba(25,35,62,0.91) 0%|rgba(25,35,62,0.75) 100%\u00bb background_color_gradient_overlays_image=\u00bbon\u00bb background_image=\u00bbhttps:\/\/flamingobeachgolfcartsrentals.com\/wp-content\/uploads\/2024\/07\/whats-around-back-scaled.jpg\u00bb parallax=\u00bbon\u00bb custom_padding=\u00bb||16vw||false|false\u00bb custom_padding_tablet=\u00bb||40vw||false|false\u00bb custom_padding_phone=\u00bb||40vw||false|false\u00bb collapsed=\u00bbon\u00bb global_colors_info=\u00bb{}\u00bb][et_pb_row _builder_version=\u00bb4.17.4&#8243; _module_preset=\u00bbdefault\u00bb custom_margin=\u00bb||||false|false\u00bb global_colors_info=\u00bb{}\u00bb][et_pb_column type=\u00bb4_4&#8243; _builder_version=\u00bb4.17.4&#8243; _module_preset=\u00bbdefault\u00bb global_colors_info=\u00bb{}\u00bb][et_pb_text _builder_version=\u00bb4.25.0&#8243; _module_preset=\u00bbc16985e1-e0d6-4022-964d-e2bfc04fa633&#8243; header_font=\u00bb&#8211;et_global_heading_font|800||on|||||\u00bb header_text_color=\u00bb#FFFFFF\u00bb header_font_size=\u00bb75px\u00bb header_line_height=\u00bb1.5em\u00bb text_orientation=\u00bbcenter\u00bb custom_margin=\u00bb||50px||false|false\u00bb header_font_size_tablet=\u00bb40px\u00bb header_font_size_phone=\u00bb24px\u00bb header_font_size_last_edited=\u00bbon|desktop\u00bb global_colors_info=\u00bb{}\u00bb]<\/p>\n<h1>lo que hay alrededor<\/h1>\n<p>[\/et_pb_text][\/et_pb_column][\/et_pb_row][\/et_pb_section][et_pb_section fb_built=\u00bb1&#8243; admin_label=\u00bbAbout\u00bb _builder_version=\u00bb4.17.4&#8243; _module_preset=\u00bbdefault\u00bb custom_padding=\u00bb5px|||||\u00bb collapsed=\u00bbon\u00bb global_colors_info=\u00bb{}\u00bb][et_pb_row make_equal=\u00bbon\u00bb _builder_version=\u00bb4.26.0&#8243; _module_preset=\u00bbdefault\u00bb global_colors_info=\u00bb{}\u00bb][et_pb_column type=\u00bb4_4&#8243; _builder_version=\u00bb4.17.4&#8243; _module_preset=\u00bbdefault\u00bb global_colors_info=\u00bb{}\u00bb][et_pb_image src=\u00bbhttps:\/\/flamingobeachgolfcartsrentals.com\/wp-content\/uploads\/2024\/07\/whats-around.jpg\u00bb alt=\u00bb\u00bfQu\u00e9 hay alrededor?\u00bb title_text=\u00bb\u00bfQu\u00e9 hay alrededor?\u00bb _builder_version=\u00bb4.26.0&#8243; _module_preset=\u00bbdefault\u00bb custom_margin=\u00bb-20vw||||false|false\u00bb custom_padding=\u00bb||||false|false\u00bb global_colors_info=\u00bb{}\u00bb][\/et_pb_image][et_pb_text _builder_version=\u00bb4.26.0&#8243; _module_preset=\u00bbe6504a1b-67eb-4b3d-b023-bcab277610b6&#8243; header_2_font=\u00bb&#8211;et_global_heading_font|800||on|||||\u00bb header_2_font_size=\u00bb28px\u00bb header_2_line_height=\u00bb1.2em\u00bb header_4_font=\u00bb|700||on|||||\u00bb header_4_text_color=\u00bb#41AC34&#8243; header_4_font_size=\u00bb14px\u00bb header_4_letter_spacing=\u00bb1px\u00bb header_4_line_height=\u00bb1.4em\u00bb custom_margin=\u00bb-1px||10px||false|false\u00bb custom_margin_tablet=\u00bb50px||10px||false|false\u00bb custom_margin_phone=\u00bbauto||||false|false\u00bb custom_margin_last_edited=\u00bbon|phone\u00bb global_colors_info=\u00bb{}\u00bb]<\/p>\n<h2>Cosas que hacer en Playa Flamingo<\/h2>\n<p>[\/et_pb_text][et_pb_text _builder_version=\u00bb4.26.0&#8243; _module_preset=\u00bbdefault\u00bb global_colors_info=\u00bb{}\u00bb]Hay muchas cosas que hacer en Playa Flamingo, lo que la convierte en un destino ideal para los veraneantes que buscan tanto relax como aventura.<br \/>\nTanto si tu idea de unas vacaciones es pasar los d\u00edas pescando en alta mar y enganchando marlines, como si prefieres holgazanear alrededor de la piscina, tenlo todo cuando vayas de vacaciones a Playa Flamingo.<br \/>\nLos amantes de la tierra pueden practicar senderismo, tirolina, ciclismo de monta\u00f1a y equitaci\u00f3n.<br \/>\nLos entusiastas del agua tienen la oportunidad de practicar pesca deportiva, vela, surf, paddle boarding y kayak.<br \/>\nY para los que prefieran una escapada m\u00e1s relajante, hay muchas playas hermosas, una gran variedad de opciones gastron\u00f3micas e impresionantes alquileres vacacionales de los que es posible que no te vayas nunca.<br \/>\nAdem\u00e1s, \u00a1tendr\u00e1s la oportunidad de explorar comunidades como Las Catalinas, Potrero, Surfside, Mar Vista, Brasilito y Reserva Conchal de una forma divertida y emocionante![\/et_pb_text][\/et_pb_column][\/et_pb_row][et_pb_row column_structure=\u00bb1_2,1_2&#8243; use_custom_gutter=\u00bbon\u00bb make_equal=\u00bbon\u00bb _builder_version=\u00bb4.26.0&#8243; _module_preset=\u00bbdefault\u00bb global_colors_info=\u00bb{}\u00bb][et_pb_column type=\u00bb1_2&#8243; _builder_version=\u00bb4.26.0&#8243; _module_preset=\u00bbdefault\u00bb background_color=\u00bb#19233E\u00bb global_colors_info=\u00bb{}\u00bb][et_pb_blurb title=\u00bbRESTAURANTES Y BARES\u00bb image=\u00bbhttps:\/\/flamingobeachgolfcartsrentals.com\/wp-content\/uploads\/2024\/07\/IMG_9209-copy-1-scaled.jpg\u00bb alt=\u00bbBares y restaurantes\u00bb _builder_version=\u00bb4.26.0&#8243; _module_preset=\u00bbdefault\u00bb header_font=\u00bb&#8211;et_global_heading_font|700||on|||||\u00bb header_text_color=\u00bb#FFFFFF\u00bb body_font=\u00bb|300|||||||\u00bb body_text_color=\u00bb#FFFFFF\u00bb background_color=\u00bb#19233E\u00bb min_height=\u00bb550px\u00bb min_height_tablet=\u00bb550px\u00bb min_height_phone=\u00bb550px\u00bb min_height_last_edited=\u00bbon|desktop\u00bb custom_padding=\u00bb30px|20px|30px|20px|true|true\u00bb border_radii=\u00bbon|3px|3px|3px|3px\u00bb global_colors_info=\u00bb{}\u00bb]<\/p>\n<p>Playa Flamingo y sus alrededores cuentan con una amplia variedad de restaurantes especializados en una gran variedad de cocinas \u00e9tnicas.<br \/>\nTanto si te apetece sushi como hamburguesas, ceviche o reposter\u00eda francesa, los restaurantes de la Costa Dorada de Costa Rica son nada menos que excepcionales. <a href=\"https:\/\/drive.google.com\/open?id=1lC67XJVjkauzaNDDWG1Zr_I-sjx7O69k&amp;usp=sharing\" target=\"_blank\" rel=\"noopener\">Disfruta de un 10% de descuento en tus<\/a> compras de <a href=\"https:\/\/drive.google.com\/open?id=1lC67XJVjkauzaNDDWG1Zr_I-sjx7O69k&amp;usp=sharing\" target=\"_blank\" rel=\"noopener\">comida y bebida<\/a> a trav\u00e9s de nuestro programa de asociaci\u00f3n local. <\/p>\n<p>[\/et_pb_blurb][\/et_pb_column][et_pb_column type=\u00bb1_2&#8243; _builder_version=\u00bb4.26.0&#8243; _module_preset=\u00bbdefault\u00bb global_colors_info=\u00bb{}\u00bb][et_pb_blurb title=\u00bbLA PLAYA EN MARCHA\u00bb image=\u00bbhttps:\/\/flamingobeachgolfcartsrentals.com\/wp-content\/uploads\/2024\/07\/IMG_7081-1-scaled.jpg\u00bb alt=\u00bbSalta a la playa\u00bb _builder_version=\u00bb4.26.0&#8243; _module_preset=\u00bbdefault\u00bb header_font=\u00bb&#8211;et_global_heading_font|700||on|||||\u00bb header_text_color=\u00bb#FFFFFF\u00bb body_font=\u00bb|300|||||||\u00bb body_text_color=\u00bb#FFFFFF\u00bb background_color=\u00bb#19233E\u00bb custom_padding=\u00bb30px|20px|30px|20px|true|true\u00bb border_radii=\u00bbon|3px|3px|3px|3px\u00bb global_colors_info=\u00bb{}\u00bb]<\/p>\n<p><span>Si tu idea de unas vacaciones perfectas es descansar junto a la playa tomando el sol, has elegido el lugar adecuado.<br \/>\nGuanacaste es conocido por tener playas incre\u00edbles y desde tu base en Flamingo, tienes acceso a montones de opciones espectaculares.<br \/>\nVisita Playa Danta, Playa Dantita, Playa Sugar, Playa Prieta, Playa Penca, Playa Potrero, Playa Flamingo, Playa Brasilito y Playa Conchal.  <\/span><\/p>\n<p>[\/et_pb_blurb][\/et_pb_column][\/et_pb_row][et_pb_row column_structure=\u00bb1_2,1_2&#8243; _builder_version=\u00bb4.26.0&#8243; _module_preset=\u00bbdefault\u00bb global_colors_info=\u00bb{}\u00bb][et_pb_column type=\u00bb1_2&#8243; _builder_version=\u00bb4.26.0&#8243; _module_preset=\u00bbdefault\u00bb global_colors_info=\u00bb{}\u00bb][et_pb_blurb title=\u00bbVISITAS Y ACTIVIDADES\u00bb image=\u00bbhttps:\/\/flamingobeachgolfcartsrentals.com\/wp-content\/uploads\/2024\/07\/PHOTO-2019-01-26-08-59-32-copy.jpg\u00bb alt=\u00bbVisitas y actividades\u00bb _builder_version=\u00bb4.26.0&#8243; _module_preset=\u00bbdefault\u00bb header_font=\u00bb&#8211;et_global_heading_font|700||on|||||\u00bb header_text_color=\u00bb#FFFFFF\u00bb body_font=\u00bb|300|||||||\u00bb body_text_color=\u00bb#FFFFFF\u00bb background_color=\u00bb#19233E\u00bb custom_padding=\u00bb30px|20px|30px|20px|true|true\u00bb border_radii=\u00bbon|3px|3px|3px|3px\u00bb global_colors_info=\u00bb{}\u00bb]Tenemos d\u00e9cadas de experiencia combinada asistiendo a clientes como t\u00fa y podemos ayudarte a planificar hasta el \u00faltimo detalle de tus vacaciones en Playa Flamingo.<br \/>\n\u00bfBuscas una semana llena de acci\u00f3n y aventuras?<br \/>\nPodemos ponerte en contacto con los mejores gu\u00edas tur\u00edsticos y proveedores de servicios de la zona.[\/et_pb_blurb][\/et_pb_column][et_pb_column type=\u00bb1_2&#8243; _builder_version=\u00bb4.26.0&#8243; _module_preset=\u00bbdefault\u00bb global_colors_info=\u00bb{}\u00bb][et_pb_blurb title=\u00bbALOJAMIENTO\u00bb image=\u00bbhttps:\/\/flamingobeachgolfcartsrentals.com\/wp-content\/uploads\/2024\/07\/IMG_2249-copy-scaled.jpg\u00bb alt=\u00bbAcomodaciones\u00bb _builder_version=\u00bb4.26.0&#8243; _module_preset=\u00bbdefault\u00bb header_font=\u00bb&#8211;et_global_heading_font|700||on|||||\u00bb header_text_color=\u00bb#FFFFFF\u00bb body_font=\u00bb|300|||||||\u00bb body_text_color=\u00bb#FFFFFF\u00bb background_color=\u00bb#19233E\u00bb custom_padding=\u00bb30px|20px|30px|20px|true|true\u00bb border_radii=\u00bbon|3px|3px|3px|3px\u00bb global_colors_info=\u00bb{}\u00bb]<\/p>\n<p><span>Nuestras afiliaciones con Flamingo Realty, <\/span><a href=\"https:\/\/360flamingo.com\/\">360 Esplendor del Pac\u00edfico<\/a><span> y <\/span><a href=\"https:\/\/flamingobeachvacationrentals.com\/\">Alquileres de vacaciones en Flamingo Beach<\/a><span>  nos da la posibilidad de emparejar a nuestros clientes con algunos de los alquileres vacacionales m\u00e1s geniales y exclusivos de la zona.<br \/>\nPreg\u00fantanos por las tarifas especiales para los emparejamientos de alojamiento y transporte. <\/span><\/p>\n<p>[\/et_pb_blurb][\/et_pb_column][\/et_pb_row][\/et_pb_section]<\/p>\n","protected":false},"excerpt":{"rendered":"<p>lo que hay alrededorCosas que hacer en Playa FlamingoHay muchas cosas que hacer en Playa Flamingo, lo que la convierte en un destino ideal para los veraneantes que buscan tanto relax como aventura. Tanto si tu idea de unas vacaciones es pasar los d\u00edas pescando en alta mar y enganchando marlines, como si prefieres holgazanear [&hellip;]<\/p>\n","protected":false},"author":1,"featured_media":0,"parent":0,"menu_order":0,"comment_status":"closed","ping_status":"closed","template":"","meta":{"_et_pb_use_builder":"on","_et_pb_old_content":"","_et_gb_content_width":"","footnotes":""},"class_list":["post-337026","page","type-page","status-publish","hentry"],"_links":{"self":[{"href":"https:\/\/flamingobeachgolfcartsrentals.com\/es\/wp-json\/wp\/v2\/pages\/337026","targetHints":{"allow":["GET"]}}],"collection":[{"href":"https:\/\/flamingobeachgolfcartsrentals.com\/es\/wp-json\/wp\/v2\/pages"}],"about":[{"href":"https:\/\/flamingobeachgolfcartsrentals.com\/es\/wp-json\/wp\/v2\/types\/page"}],"author":[{"embeddable":true,"href":"https:\/\/flamingobeachgolfcartsrentals.com\/es\/wp-json\/wp\/v2\/users\/1"}],"replies":[{"embeddable":true,"href":"https:\/\/flamingobeachgolfcartsrentals.com\/es\/wp-json\/wp\/v2\/comments?post=337026"}],"version-history":[{"count":9,"href":"https:\/\/flamingobeachgolfcartsrentals.com\/es\/wp-json\/wp\/v2\/pages\/337026\/revisions"}],"predecessor-version":[{"id":337062,"href":"https:\/\/flamingobeachgolfcartsrentals.com\/es\/wp-json\/wp\/v2\/pages\/337026\/revisions\/337062"}],"wp:attachment":[{"href":"https:\/\/flamingobeachgolfcartsrentals.com\/es\/wp-json\/wp\/v2\/media?parent=337026"}],"curies":[{"name":"wp","href":"https:\/\/api.w.org\/{rel}","templated":true}]}}