{"id":337021,"date":"2024-07-17T11:35:25","date_gmt":"2024-07-17T17:35:25","guid":{"rendered":"https:\/\/flamingobeachgolfcartsrentals.com\/politica-de-privacidad\/"},"modified":"2024-09-03T08:42:44","modified_gmt":"2024-09-03T14:42:44","slug":"politica-de-privacidad","status":"publish","type":"page","link":"https:\/\/flamingobeachgolfcartsrentals.com\/es\/politica-de-privacidad\/","title":{"rendered":"Pol\u00edtica de privacidad"},"content":{"rendered":"<p>[et_pb_section fb_built=\u00bb1&#8243; custom_padding_last_edited=\u00bboff|desktop\u00bb admin_label=\u00bbHeader\u00bb _builder_version=\u00bb4.26.1&#8243; _module_preset=\u00bbdefault\u00bb background_color=\u00bb#19233E\u00bb use_background_color_gradient=\u00bbon\u00bb background_color_gradient_stops=\u00bbrgba(25,35,62,0.91) 0%|rgba(25,35,62,0.75) 100%\u00bb background_color_gradient_overlays_image=\u00bbon\u00bb background_image=\u00bbhttps:\/\/flamingobeachgolfcartsrentals.com\/wp-content\/uploads\/2024\/07\/about-us-back-scaled.jpg\u00bb parallax=\u00bbon\u00bb custom_padding=\u00bb||||false|false\u00bb custom_padding_tablet=\u00bb||40vw||false|false\u00bb custom_padding_phone=\u00bb||40vw||false|false\u00bb collapsed=\u00bbon\u00bb global_colors_info=\u00bb{}\u00bb][et_pb_row _builder_version=\u00bb4.17.4&#8243; _module_preset=\u00bbdefault\u00bb custom_margin=\u00bb||||false|false\u00bb global_colors_info=\u00bb{}\u00bb][et_pb_column type=\u00bb4_4&#8243; _builder_version=\u00bb4.17.4&#8243; _module_preset=\u00bbdefault\u00bb global_colors_info=\u00bb{}\u00bb][et_pb_text _builder_version=\u00bb4.25.0&#8243; _module_preset=\u00bbc16985e1-e0d6-4022-964d-e2bfc04fa633&#8243; header_font=\u00bb&#8211;et_global_heading_font|800||on|||||\u00bb header_text_color=\u00bb#FFFFFF\u00bb header_font_size=\u00bb75px\u00bb header_line_height=\u00bb1.5em\u00bb text_orientation=\u00bbcenter\u00bb custom_margin=\u00bb||50px||false|false\u00bb header_font_size_tablet=\u00bb40px\u00bb header_font_size_phone=\u00bb24px\u00bb header_font_size_last_edited=\u00bbon|desktop\u00bb global_colors_info=\u00bb{}\u00bb]<\/p>\n<h1>Pol\u00edtica de privacidad<\/h1>\n<p>[\/et_pb_text][\/et_pb_column][\/et_pb_row][\/et_pb_section][et_pb_section fb_built=\u00bb1&#8243; admin_label=\u00bbAbout\u00bb _builder_version=\u00bb4.26.1&#8243; _module_preset=\u00bbdefault\u00bb custom_padding=\u00bb||||false|false\u00bb collapsed=\u00bbon\u00bb global_colors_info=\u00bb{}\u00bb][et_pb_row make_equal=\u00bbon\u00bb _builder_version=\u00bb4.26.0&#8243; _module_preset=\u00bbdefault\u00bb global_colors_info=\u00bb{}\u00bb][et_pb_column type=\u00bb4_4&#8243; _builder_version=\u00bb4.17.4&#8243; _module_preset=\u00bbdefault\u00bb global_colors_info=\u00bb{}\u00bb][et_pb_text _builder_version=\u00bb4.26.1&#8243; _module_preset=\u00bbdefault\u00bb header_2_font=\u00bb&#8211;et_global_heading_font|700||on|||||\u00bb header_2_line_height=\u00bb2.2em\u00bb global_colors_info=\u00bb{}\u00bb]<\/p>\n<h2>POL\u00cdTICA DE PRIVACIDAD DE ECCR FLAMINGO S.A.<\/h2>\n<p>En Flamingo Beach Golf Carts Rentals, accesible desde https:\/\/flamingobeachgolfcarts.com\/, una de nuestras principales prioridades es la privacidad de nuestros visitantes.<br \/>\nEste documento de Pol\u00edtica de Privacidad contiene los tipos de informaci\u00f3n que recoge y registra Flamingo Beach Golf Carts Rentals y c\u00f3mo la utilizamos. <\/p>\n<p>Si tienes preguntas adicionales o necesitas m\u00e1s informaci\u00f3n sobre nuestra Pol\u00edtica de Privacidad, no dudes en ponerte en contacto con nosotros a trav\u00e9s del correo electr\u00f3nico <a href=\"mailto:info@flamingogolfcartrentals.com\">info@flamingogolfcartrentals.com<\/a>.<\/p>\n<h2>REGLAMENTO GENERAL DE PROTECCI\u00d3N DE DATOS ECCR FLAMINGO S.A.<\/h2>\n<p>Somos responsables del tratamiento de tus datos.<\/p>\n<p>La base jur\u00eddica de ECCR Flamingo S.A. para recopilar y utilizar la informaci\u00f3n personal descrita en esta Pol\u00edtica de Privacidad depende de la Informaci\u00f3n Personal que recopilamos y del contexto espec\u00edfico en el que recopilamos la informaci\u00f3n:<\/p>\n<ul>\n<li>ECCR Flamingo S.A. necesita cumplir un contrato contigo<\/li>\n<li>Has dado permiso a ECCR Flamingo S.A. para hacerlo<\/li>\n<li>El tratamiento de tus datos personales responde a los intereses leg\u00edtimos de ECCR Flamingo S.A.<\/li>\n<li>ECCR Flamingo S.A. debe cumplir la ley<\/li>\n<\/ul>\n<p>ECCR Flamingo S.A. conservar\u00e1 tu informaci\u00f3n personal s\u00f3lo durante el tiempo que sea necesario para los fines establecidos en esta Pol\u00edtica de Privacidad.<br \/>\nConservaremos y utilizaremos tu informaci\u00f3n en la medida necesaria para cumplir con nuestras obligaciones legales, resolver disputas y hacer cumplir nuestras pol\u00edticas. <\/p>\n<p>Si resides en el Espacio Econ\u00f3mico Europeo (EEE), tienes ciertos derechos de protecci\u00f3n de datos.<br \/>\nSi deseas que te informemos de qu\u00e9 Datos Personales tenemos sobre ti y si quieres que los eliminemos de nuestros sistemas, ponte en contacto con nosotros. <\/p>\n<p>En determinadas circunstancias, tienes los siguientes derechos de protecci\u00f3n de datos:<\/p>\n<ul>\n<li>Derecho a acceder, actualizar o eliminar la informaci\u00f3n que tenemos sobre ti.<\/li>\n<li>El derecho de rectificaci\u00f3n.<\/li>\n<li>El derecho de oposici\u00f3n.<\/li>\n<li>El derecho de restricci\u00f3n.<\/li>\n<li>Derecho a la portabilidad de los datos<\/li>\n<li>Derecho a retirar el consentimiento<\/li>\n<\/ul>\n<h2>ARCHIVOS DE REGISTRO<\/h2>\n<p>Flamingo Beach Golf Carts Rentals sigue un procedimiento est\u00e1ndar de utilizaci\u00f3n de archivos de registro.<br \/>\nEstos archivos registran a los visitantes cuando visitan los sitios web.<br \/>\nTodas las empresas de alojamiento hacen esto y forma parte de los an\u00e1lisis de los servicios de alojamiento.<br \/>\nLa informaci\u00f3n recogida por los archivos de registro incluye direcciones de protocolo de Internet (IP), tipo de navegador, proveedor de servicios de Internet (ISP), fecha y hora, p\u00e1ginas de referencia\/salida y, posiblemente, el n\u00famero de clics.<br \/>\n\u00c9stos no est\u00e1n vinculados a ninguna informaci\u00f3n que sea personalmente identificable.<br \/>\nLa finalidad de la informaci\u00f3n es analizar tendencias, administrar el sitio, seguir los movimientos de los usuarios en el sitio web y recopilar informaci\u00f3n demogr\u00e1fica.     <\/p>\n<h2>COOKIES Y BALIZAS WEB<\/h2>\n<p>Como cualquier otro sitio web, Flamingo Beach Golf Carts Rentals utiliza \u00abcookies\u00bb.<br \/>\nEstas cookies se utilizan para almacenar informaci\u00f3n, incluidas las preferencias de los visitantes y las p\u00e1ginas del sitio web a las que el visitante accedi\u00f3 o visit\u00f3.<br \/>\nLa informaci\u00f3n se utiliza para optimizar la experiencia de los usuarios personalizando el contenido de nuestra p\u00e1gina web en funci\u00f3n del tipo de navegador de los visitantes y\/u otra informaci\u00f3n.  <\/p>\n<h2>POL\u00cdTICAS DE PRIVACIDAD<\/h2>\n<p>Puedes consultar esta lista para encontrar la Pol\u00edtica de Privacidad de cada uno de los socios publicitarios de Flamingo Beach Golf Carts Rentals.<\/p>\n<p>Los servidores o redes publicitarias de terceros utilizan tecnolog\u00edas como cookies, JavaScript o Web Beacons que se emplean en sus respectivos anuncios y enlaces que aparecen en Flamingo Beach Golf Carts Rentals, y que se env\u00edan directamente al navegador de los usuarios.<br \/>\nCuando esto ocurre, reciben autom\u00e1ticamente tu direcci\u00f3n IP.<br \/>\nEstas tecnolog\u00edas se utilizan para medir la eficacia de sus campa\u00f1as publicitarias y\/o para personalizar el contenido publicitario que ves en los sitios web que visitas.  <\/p>\n<p>Ten en cuenta que Flamingo Beach Golf Carts Rentals no tiene acceso ni control sobre las cookies utilizadas por terceros anunciantes.<\/p>\n<h2>POL\u00cdTICAS DE PRIVACIDAD DE TERCEROS<\/h2>\n<p>La Pol\u00edtica de Privacidad de Flamingo Beach Golf Carts Rentals no se aplica a otros anunciantes o sitios web.<br \/>\nPor ello, te aconsejamos que consultes las respectivas Pol\u00edticas de Privacidad de estos servidores de anuncios de terceros para obtener informaci\u00f3n m\u00e1s detallada.<br \/>\nPuede incluir sus pr\u00e1cticas e instrucciones sobre c\u00f3mo optar por no participar en determinadas opciones.<br \/>\nPuedes encontrar una lista completa de estas Pol\u00edticas de Privacidad y sus enlaces aqu\u00ed: Enlaces a las Pol\u00edticas de Privacidad.   <\/p>\n<p>Puedes optar por desactivar las cookies a trav\u00e9s de las opciones individuales de tu navegador.<br \/>\nPara conocer informaci\u00f3n m\u00e1s detallada sobre la gesti\u00f3n de cookies con navegadores web espec\u00edficos, puedes encontrarla en los sitios web respectivos de los navegadores.<br \/>\n\u00bfQu\u00e9 son las cookies?  <\/p>\n<h2>INFORMACI\u00d3N PARA NI\u00d1OS<\/h2>\n<p>Otra parte de nuestra prioridad es a\u00f1adir protecci\u00f3n para los menores mientras utilizan Internet.<br \/>\nAnimamos a los padres y tutores a que observen, participen y\/o controlen y gu\u00eden su actividad en Internet. <\/p>\n<p>Flamingo Beach Golf Carts Rentals no recopila a sabiendas ning\u00fan tipo de Informaci\u00f3n de Identificaci\u00f3n Personal de ni\u00f1os menores de 13 a\u00f1os.<br \/>\nSi crees que tu hijo ha proporcionado este tipo de informaci\u00f3n en nuestro sitio web, te recomendamos encarecidamente que te pongas en contacto con nosotros inmediatamente y haremos todo lo posible para eliminar r\u00e1pidamente dicha informaci\u00f3n de nuestros registros. <\/p>\n<h2>S\u00d3LO POL\u00cdTICA DE PRIVACIDAD EN L\u00cdNEA<\/h2>\n<p>Nuestra Pol\u00edtica de Privacidad se aplica \u00fanicamente a nuestras actividades en l\u00ednea y es v\u00e1lida para los visitantes de nuestro sitio web en relaci\u00f3n con la informaci\u00f3n que compartieron y\/o recopilaron en Flamingo Beach Golf Carts Rentals.<br \/>\nEsta pol\u00edtica no es aplicable a ninguna informaci\u00f3n recopilada fuera de l\u00ednea o a trav\u00e9s de canales distintos de este sitio web. <\/p>\n<h2>CONSENTIMIENTO<\/h2>\n<p>Al utilizar nuestro sitio web, aceptas nuestra Pol\u00edtica de privacidad y est\u00e1s de acuerdo con sus t\u00e9rminos.<\/p>\n<p>[\/et_pb_text][\/et_pb_column][\/et_pb_row][\/et_pb_section]<\/p>\n","protected":false},"excerpt":{"rendered":"<p>Pol\u00edtica de privacidadPOL\u00cdTICA DE PRIVACIDAD DE ECCR FLAMINGO S.A. En Flamingo Beach Golf Carts Rentals, accesible desde https:\/\/flamingobeachgolfcarts.com\/, una de nuestras principales prioridades es la privacidad de nuestros visitantes. Este documento de Pol\u00edtica de Privacidad contiene los tipos de informaci\u00f3n que recoge y registra Flamingo Beach Golf Carts Rentals y c\u00f3mo la utilizamos. Si tienes [&hellip;]<\/p>\n","protected":false},"author":1,"featured_media":0,"parent":0,"menu_order":0,"comment_status":"closed","ping_status":"closed","template":"","meta":{"_et_pb_use_builder":"on","_et_pb_old_content":"","_et_gb_content_width":"","footnotes":""},"class_list":["post-337021","page","type-page","status-publish","hentry"],"_links":{"self":[{"href":"https:\/\/flamingobeachgolfcartsrentals.com\/es\/wp-json\/wp\/v2\/pages\/337021","targetHints":{"allow":["GET"]}}],"collection":[{"href":"https:\/\/flamingobeachgolfcartsrentals.com\/es\/wp-json\/wp\/v2\/pages"}],"about":[{"href":"https:\/\/flamingobeachgolfcartsrentals.com\/es\/wp-json\/wp\/v2\/types\/page"}],"author":[{"embeddable":true,"href":"https:\/\/flamingobeachgolfcartsrentals.com\/es\/wp-json\/wp\/v2\/users\/1"}],"replies":[{"embeddable":true,"href":"https:\/\/flamingobeachgolfcartsrentals.com\/es\/wp-json\/wp\/v2\/comments?post=337021"}],"version-history":[{"count":3,"href":"https:\/\/flamingobeachgolfcartsrentals.com\/es\/wp-json\/wp\/v2\/pages\/337021\/revisions"}],"predecessor-version":[{"id":337128,"href":"https:\/\/flamingobeachgolfcartsrentals.com\/es\/wp-json\/wp\/v2\/pages\/337021\/revisions\/337128"}],"wp:attachment":[{"href":"https:\/\/flamingobeachgolfcartsrentals.com\/es\/wp-json\/wp\/v2\/media?parent=337021"}],"curies":[{"name":"wp","href":"https:\/\/api.w.org\/{rel}","templated":true}]}}