{"id":337003,"date":"2024-05-13T10:32:18","date_gmt":"2024-05-13T16:32:18","guid":{"rendered":"https:\/\/flamingobeachgolfcartsrentals.com\/eccr-coches-electricos-costa-rica\/"},"modified":"2026-01-12T12:19:21","modified_gmt":"2026-01-12T18:19:21","slug":"eccr-coches-electricos-costa-rica","status":"publish","type":"page","link":"https:\/\/flamingobeachgolfcartsrentals.com\/es\/","title":{"rendered":"Sobre nosotros"},"content":{"rendered":"<p>[et_pb_section fb_built=\u00bb1&#8243; _builder_version=\u00bb4.27.0&#8243; _module_preset=\u00bbdefault\u00bb height=\u00bb100vh\u00bb height_tablet=\u00bb100vh\u00bb height_phone=\u00bb15vh\u00bb height_last_edited=\u00bbon|phone\u00bb custom_margin=\u00bb0px|0px|0px|0px|false|true\u00bb custom_padding=\u00bb0px|0px|0px|0px|true|true\u00bb global_colors_info=\u00bb{}\u00bb][et_pb_row _builder_version=\u00bb4.26.1&#8243; _module_preset=\u00bbdefault\u00bb width=\u00bb100%\u00bb max_width=\u00bb100%\u00bb custom_margin=\u00bb0px|0px|0px|0px|true|true\u00bb custom_padding=\u00bb0px|0px|0px|0px|true|true\u00bb global_colors_info=\u00bb{}\u00bb][et_pb_column type=\u00bb4_4&#8243; _builder_version=\u00bb4.26.1&#8243; _module_preset=\u00bbdefault\u00bb global_colors_info=\u00bb{}\u00bb][et_pb_code _builder_version=\u00bb4.27.4&#8243; _module_preset=\u00bbdefault\u00bb module_alignment=\u00bbcenter\u00bb custom_margin=\u00bb-52.73%||||false|false\u00bb custom_padding=\u00bb0px|0px|0px|0px|true|true\u00bb hover_enabled=\u00bb0&#8243; global_colors_info=\u00bb{}\u00bb disabled_on=\u00bbon|on|on\u00bb disabled=\u00bbon\u00bb sticky_enabled=\u00bb0&#8243;]<\/p>\n<div style=\"padding:52.73% 0 0 0;position:relative;\"><iframe src=\"https:\/\/player.vimeo.com\/video\/561473110?h=fc32cf25a9&#038;autoplay=1&#038;muted=1&#038;loop=1&#038;title=0&#038;byline=0&#038;portrait=0\" style=\"position:absolute;top:0;left:0;width:100%;height:100%;\" frameborder=\"0\" allow=\"autoplay; fullscreen; picture-in-picture\" allowfullscreen=\"\"><\/iframe><\/div>\n<p><script src=\"https:\/\/player.vimeo.com\/api\/player.js\"><\/script>[\/et_pb_code][et_pb_image _builder_version=\u00bb4.27.4&#8243; _module_preset=\u00bbdefault\u00bb alt=\u00bbWhat&#8217;s Around?\u00bb title_text=\u00bbWhat&#8217;s Around?\u00bb src=\u00bbhttps:\/\/flamingobeachgolfcartsrentals.com\/wp-content\/uploads\/2024\/07\/whats-around.jpg\u00bb hover_enabled=\u00bb0&#8243; sticky_enabled=\u00bb0&#8243;][\/et_pb_image][\/et_pb_column][\/et_pb_row][\/et_pb_section][et_pb_section fb_built=\u00bb1&#8243; _builder_version=\u00bb4.26.1&#8243; _module_preset=\u00bbdefault\u00bb custom_margin=\u00bb50px||50px||true|false\u00bb global_colors_info=\u00bb{}\u00bb][et_pb_row _builder_version=\u00bb4.26.1&#8243; _module_preset=\u00bbdefault\u00bb global_colors_info=\u00bb{}\u00bb][et_pb_column type=\u00bb4_4&#8243; _builder_version=\u00bb4.26.1&#8243; _module_preset=\u00bbdefault\u00bb global_colors_info=\u00bb{}\u00bb][et_pb_image src=\u00bbhttps:\/\/flamingobeachgolfcartsrentals.com\/wp-content\/uploads\/2024\/07\/IMG_9209-copy-1-scaled.jpg\u00bb alt=\u00bbBares y restaurantes\u00bb title_text=\u00bbBares y restaurantes\u00bb _builder_version=\u00bb4.26.1&#8243; _module_preset=\u00bbdefault\u00bb global_colors_info=\u00bb{}\u00bb][\/et_pb_image][et_pb_text _builder_version=\u00bb4.25.1&#8243; _module_preset=\u00bbb327cbe4-b1d5-4b66-ad37-40c8f2f061ba\u00bb header_2_font=\u00bb&#8211;et_global_heading_font|800||on|||||\u00bb header_2_text_color=\u00bb#000000&#8243; header_2_font_size=\u00bb48px\u00bb header_2_line_height=\u00bb1.2em\u00bb header_2_font_size_tablet=\u00bb32px\u00bb header_2_font_size_phone=\u00bb20px\u00bb header_2_font_size_last_edited=\u00bbon|desktop\u00bb global_colors_info=\u00bb{}\u00bb]<\/p>\n<h2>ALQUILER DE CARRITOS DE GOLF<\/h2>\n<p>[\/et_pb_text][et_pb_text _builder_version=\u00bb4.27.2&#8243; _module_preset=\u00bb4c43b4b6-66bf-432d-959a-705bda24a650&#8243; text_font=\u00bb&#8211;et_global_body_font||||||||\u00bb text_text_color=\u00bb#000000&#8243; text_line_height=\u00bb1.8em\u00bb header_font_size_tablet=\u00bb55px\u00bb header_font_size_last_edited=\u00bboff|desktop\u00bb global_colors_info=\u00bb{}\u00bb]<\/p>\n<p>En Flamingo Beach Golf Carts, tenemos 60 carritos de golf el\u00e9ctricos disponibles para alquilar en dos modelos diferentes. Cada carrito de golf est\u00e1 equipado con faros delanteros, faros antiniebla, intermitentes\/peligros y bocina. Todos los carros tienen tambi\u00e9n espejos retrovisores laterales, parabrisas abatible, portavasos y un maletero para objetos de tama\u00f1o peque\u00f1o o mediano. Elige el modelo X de suspensi\u00f3n elevada para explorar las carreteras secundarias menos conocidas o el modelo low-rider para pasear tranquilamente por la ciudad.<\/p>\n<p>[\/et_pb_text][et_pb_button button_url=\u00bb@ET-DC@eyJkeW5hbWljIjp0cnVlLCJjb250ZW50IjoicG9zdF9saW5rX3VybF9wYWdlIiwic2V0dGluZ3MiOnsicG9zdF9pZCI6IjM0In19@\u00bb button_text=\u00bb\u00bfQu\u00e9 hay alrededor?\u00bb _builder_version=\u00bb4.26.1&#8243; _dynamic_attributes=\u00bbbutton_url\u00bb _module_preset=\u00bb3117bc07-6a8a-4679-b3bb-b6ed74b48a2f\u00bb custom_button=\u00bbon\u00bb button_text_size=\u00bb14px\u00bb button_text_color=\u00bb#FFFFFF\u00bb button_bg_color=\u00bb#41AC34&#8243; button_border_color=\u00bb#41AC34&#8243; button_border_radius=\u00bb0px\u00bb button_font=\u00bb&#8211;et_global_heading_font|800||on|||||\u00bb custom_padding=\u00bb14px|20px|14px|20px|true|true\u00bb locked=\u00bboff\u00bb global_colors_info=\u00bb{}\u00bb][\/et_pb_button][\/et_pb_column][\/et_pb_row][\/et_pb_section][et_pb_section fb_built=\u00bb1&#8243; admin_label=\u00bbServices\u00bb _builder_version=\u00bb4.26.1&#8243; _module_preset=\u00bbdefault\u00bb background_color=\u00bb#000000&#8243; use_background_color_gradient=\u00bbon\u00bb background_color_gradient_stops=\u00bbrgba(25,35,62,0.87) 0%|#19233e 84%\u00bb background_color_gradient_overlays_image=\u00bbon\u00bb background_image=\u00bbhttps:\/\/flamingobeachgolfcartsrentals.com\/wp-content\/uploads\/2024\/07\/IMG_7081-1-scaled.jpg\u00bb custom_padding=\u00bb0px||100px||false|false\u00bb collapsed=\u00bbon\u00bb global_colors_info=\u00bb{}\u00bb][et_pb_row _builder_version=\u00bb4.26.1&#8243; _module_preset=\u00bbdefault\u00bb custom_padding=\u00bb0px||0px||false|false\u00bb global_colors_info=\u00bb{}\u00bb][et_pb_column type=\u00bb4_4&#8243; _builder_version=\u00bb4.17.4&#8243; _module_preset=\u00bbdefault\u00bb custom_padding=\u00bb10%||||false|false\u00bb global_colors_info=\u00bb{}\u00bb][et_pb_text _builder_version=\u00bb4.25.1&#8243; _module_preset=\u00bbc8b0b82a-0071-4096-bca4-d68450b57dc9&#8243; header_2_font=\u00bb&#8211;et_global_heading_font|800|||||||\u00bb header_2_text_color=\u00bb#FFFFFF\u00bb header_2_font_size=\u00bb75px\u00bb header_2_line_height=\u00bb1.2em\u00bb header_2_font_size_tablet=\u00bb40px\u00bb header_2_font_size_phone=\u00bb24px\u00bb header_2_font_size_last_edited=\u00bbon|desktop\u00bb locked=\u00bboff\u00bb global_colors_info=\u00bb{}\u00bb]<\/p>\n<h2>Venta de carritos de golf<\/h2>\n<p>[\/et_pb_text][\/et_pb_column][\/et_pb_row][et_pb_row column_structure=\u00bb1_2,1_2&#8243; custom_padding_last_edited=\u00bbon|tablet\u00bb _builder_version=\u00bb4.26.1&#8243; _module_preset=\u00bbdefault\u00bb custom_padding_tablet=\u00bb||0px||false|false\u00bb custom_padding_phone=\u00bb||0px||false|false\u00bb global_colors_info=\u00bb{}\u00bb][et_pb_column type=\u00bb1_2&#8243; _builder_version=\u00bb4.17.4&#8243; _module_preset=\u00bbdefault\u00bb global_colors_info=\u00bb{}\u00bb][et_pb_gallery gallery_ids=\u00bb337000,336999&#8243; fullwidth=\u00bbon\u00bb _builder_version=\u00bb4.26.1&#8243; _module_preset=\u00bbdefault\u00bb auto=\u00bbon\u00bb global_colors_info=\u00bb{}\u00bb][\/et_pb_gallery][\/et_pb_column][et_pb_column type=\u00bb1_2&#8243; _builder_version=\u00bb4.17.4&#8243; _module_preset=\u00bbdefault\u00bb global_colors_info=\u00bb{}\u00bb][et_pb_text _builder_version=\u00bb4.26.1&#8243; _module_preset=\u00bbe6504a1b-67eb-4b3d-b023-bcab277610b6&#8243; header_2_font=\u00bb&#8211;et_global_heading_font|800||on|||||\u00bb header_2_text_color=\u00bb#FFFFFF\u00bb header_2_font_size=\u00bb28px\u00bb header_2_line_height=\u00bb1.2em\u00bb header_4_font=\u00bb|700||on|||||\u00bb header_4_text_color=\u00bb#41AC34&#8243; header_4_font_size=\u00bb14px\u00bb header_4_letter_spacing=\u00bb1px\u00bb header_4_line_height=\u00bb1.4em\u00bb custom_margin=\u00bb34px||10px||false|false\u00bb custom_margin_tablet=\u00bb50px||10px||false|false\u00bb custom_margin_phone=\u00bbauto||||false|false\u00bb custom_margin_last_edited=\u00bbon|phone\u00bb locked=\u00bboff\u00bb global_colors_info=\u00bb{}\u00bb]<\/p>\n<h2>VENTA DE CARROS DE GOLF<\/h2>\n<p>[\/et_pb_text][et_pb_text _builder_version=\u00bb4.26.1&#8243; _module_preset=\u00bbdefault\u00bb text_font=\u00bb&#8211;et_global_body_font||||||||\u00bb text_text_color=\u00bb#FFFFFF\u00bb link_font=\u00bb||||||||\u00bb link_text_color=\u00bb#7CDA24&#8243; global_colors_info=\u00bb{}\u00bb]<\/p>\n<p>Flamingo Beach Golf Carts es una filial de <a href=\"http:\/\/electriccarscr.com\/\">Electric Cars of Costa Rica<\/a>, una empresa local dedicada a reducir las emisiones y a dise\u00f1ar soluciones de transporte para distancias cortas.<\/p>\n<p>ECCR lleva sirviendo al mercado costarricense desde su creaci\u00f3n en 2001 y es el distribuidor exclusivo en Costa Rica de los carros de golf <a href=\"http:\/\/www.ezgo.com\/\">EZGO<\/a> y <a href=\"https:\/\/cushman.txtsv.com\/\">CUSHMAN<\/a>.<br \/>\nA trav\u00e9s de una red de 4 centros y 4 subcentros, ECCR se compromete incansablemente a ayudar al gobierno de Costa Rica a alcanzar su objetivo de ser el primer pa\u00eds neutro en carbono del mundo para 2021. <\/p>\n<p>[\/et_pb_text][\/et_pb_column][\/et_pb_row][\/et_pb_section]<\/p>\n","protected":false},"excerpt":{"rendered":"<p>ALQUILER DE CARRITOS DE GOLFEn Flamingo Beach Golf Carts, tenemos 60 carritos de golf el\u00e9ctricos disponibles para alquilar en dos modelos diferentes. Cada carrito de golf est\u00e1 equipado con faros delanteros, faros antiniebla, intermitentes\/peligros y bocina. Todos los carros tienen tambi\u00e9n espejos retrovisores laterales, parabrisas abatible, portavasos y un maletero para objetos de tama\u00f1o peque\u00f1o [&hellip;]<\/p>\n","protected":false},"author":1,"featured_media":0,"parent":0,"menu_order":0,"comment_status":"closed","ping_status":"closed","template":"","meta":{"_et_pb_use_builder":"on","_et_pb_old_content":"","_et_gb_content_width":"","footnotes":""},"class_list":["post-337003","page","type-page","status-publish","hentry"],"_links":{"self":[{"href":"https:\/\/flamingobeachgolfcartsrentals.com\/es\/wp-json\/wp\/v2\/pages\/337003","targetHints":{"allow":["GET"]}}],"collection":[{"href":"https:\/\/flamingobeachgolfcartsrentals.com\/es\/wp-json\/wp\/v2\/pages"}],"about":[{"href":"https:\/\/flamingobeachgolfcartsrentals.com\/es\/wp-json\/wp\/v2\/types\/page"}],"author":[{"embeddable":true,"href":"https:\/\/flamingobeachgolfcartsrentals.com\/es\/wp-json\/wp\/v2\/users\/1"}],"replies":[{"embeddable":true,"href":"https:\/\/flamingobeachgolfcartsrentals.com\/es\/wp-json\/wp\/v2\/comments?post=337003"}],"version-history":[{"count":16,"href":"https:\/\/flamingobeachgolfcartsrentals.com\/es\/wp-json\/wp\/v2\/pages\/337003\/revisions"}],"predecessor-version":[{"id":337202,"href":"https:\/\/flamingobeachgolfcartsrentals.com\/es\/wp-json\/wp\/v2\/pages\/337003\/revisions\/337202"}],"wp:attachment":[{"href":"https:\/\/flamingobeachgolfcartsrentals.com\/es\/wp-json\/wp\/v2\/media?parent=337003"}],"curies":[{"name":"wp","href":"https:\/\/api.w.org\/{rel}","templated":true}]}}